{"id":244577,"date":"2026-04-04T12:55:42","date_gmt":"2026-04-04T12:55:42","guid":{"rendered":"https:\/\/korali.cz\/?page_id=244577"},"modified":"2026-04-05T18:46:13","modified_gmt":"2026-04-05T18:46:13","slug":"firma","status":"publish","type":"page","link":"https:\/\/korali.cz\/?page_id=244577","title":{"rendered":"FIRMA"},"content":{"rendered":"<p>[et_pb_section fb_built=&#8220;1&#8243; _builder_version=&#8220;4.27.4&#8243; _module_preset=&#8220;default&#8220; global_colors_info=&#8220;{}&#8220;][et_pb_row column_structure=&#8220;1_3,1_3,1_3&#8243; _builder_version=&#8220;4.27.4&#8243; _module_preset=&#8220;default&#8220; global_colors_info=&#8220;{}&#8220;][et_pb_column type=&#8220;1_3&#8243; _builder_version=&#8220;4.27.4&#8243; _module_preset=&#8220;default&#8220; global_colors_info=&#8220;{}&#8220;][et_pb_team_member name=&#8220;pap\u00e1k pep\u00e9n&#8220; position=&#8220;MAJITEL&#8220; image_url=&#8220;data:image\/svg+xml;base64,PHN2ZyB3aWR0aD0iNTAwIiBoZWlnaHQ9IjUwMCIgdmlld0JveD0iMCAwIDUwMCA1MDAiIHhtbG5zPSJodHRwOi8vd3d3LnczLm9yZy8yMDAwL3N2ZyI+CiAgICA8ZyBmaWxsPSJub25lIiBmaWxsLXJ1bGU9ImV2ZW5vZGQiPgogICAgICAgIDxwYXRoIGZpbGw9IiNFQkVCRUIiIGQ9Ik0wIDBoNTAwdjUwMEgweiIvPgogICAgICAgIDxyZWN0IGZpbGwtb3BhY2l0eT0iLjEiIGZpbGw9IiMwMDAiIHg9IjY4IiB5PSIzMDUiIHdpZHRoPSIzNjQiIGhlaWdodD0iNTY4IiByeD0iMTgyIi8+CiAgICAgICAgPGNpcmNsZSBmaWxsLW9wYWNpdHk9Ii4xIiBmaWxsPSIjMDAwIiBjeD0iMjQ5IiBjeT0iMTcyIiByPSIxMDAiLz4KICAgIDwvZz4KPC9zdmc+Cg==&#8220; _builder_version=&#8220;4.27.4&#8243; _module_preset=&#8220;default&#8220; hover_enabled=&#8220;0&#8243; custom_css_free_form=&#8220;wkkwkwkkkwkwkkwkwkwkkwkwkw&#8220; global_colors_info=&#8220;{}&#8220; sticky_enabled=&#8220;0&#8243;]<\/p>\n<p>STAR\u00c1 SE O TO ABY V\u0160ECHNO KLAPALO.<\/p>\n<p>\u0158E\u0160\u00cd BYZNYS A TAK\u00c9 M\u00c1 V\u0160E NASTAROST.<\/p>\n<p>Z\u00c1ROVEN D\u011aL\u00c1 TAK\u00c9 AJ\u0165\u00e1KA.<\/p>\n<p>A TAK\u00c9 IN\u017dEIRA.<\/p>\n<p>[\/et_pb_team_member][\/et_pb_column][et_pb_column type=&#8220;1_3&#8243; _builder_version=&#8220;4.27.4&#8243; _module_preset=&#8220;default&#8220; global_colors_info=&#8220;{}&#8220;][et_pb_team_member name=&#8220;chuan\u00edto makala&#8220; position=&#8220;ASISTENT&#8220; image_url=&#8220;data:image\/svg+xml;base64,PHN2ZyB3aWR0aD0iNTAwIiBoZWlnaHQ9IjUwMCIgdmlld0JveD0iMCAwIDUwMCA1MDAiIHhtbG5zPSJodHRwOi8vd3d3LnczLm9yZy8yMDAwL3N2ZyI+CiAgICA8ZyBmaWxsPSJub25lIiBmaWxsLXJ1bGU9ImV2ZW5vZGQiPgogICAgICAgIDxwYXRoIGZpbGw9IiNFQkVCRUIiIGQ9Ik0wIDBoNTAwdjUwMEgweiIvPgogICAgICAgIDxyZWN0IGZpbGwtb3BhY2l0eT0iLjEiIGZpbGw9IiMwMDAiIHg9IjY4IiB5PSIzMDUiIHdpZHRoPSIzNjQiIGhlaWdodD0iNTY4IiByeD0iMTgyIi8+CiAgICAgICAgPGNpcmNsZSBmaWxsLW9wYWNpdHk9Ii4xIiBmaWxsPSIjMDAwIiBjeD0iMjQ5IiBjeT0iMTcyIiByPSIxMDAiLz4KICAgIDwvZz4KPC9zdmc+Cg==&#8220; _builder_version=&#8220;4.27.4&#8243; _module_preset=&#8220;default&#8220; hover_enabled=&#8220;0&#8243; global_colors_info=&#8220;{}&#8220; sticky_enabled=&#8220;0&#8243;]<\/p>\n<p>JE VELMI DOBR\u00dd P\u0158ES BYZNYS.<\/p>\n<p>JE ALE TAK\u00c9 DOBR\u00dd ASISTENT VINCENTA VNUKA.<\/p>\n<p>POM\u00c1H\u00c1 P\u0158I \u0158E\u0160EN\u00cd IN\u017dEN\u00cd\u0158SK\u00ddCH PROBL\u00c9M\u016e.<\/p>\n<p>[\/et_pb_team_member][\/et_pb_column][et_pb_column type=&#8220;1_3&#8243; _builder_version=&#8220;4.27.4&#8243; _module_preset=&#8220;default&#8220; global_colors_info=&#8220;{}&#8220;][et_pb_team_member name=&#8220;kapit\u00e1nka pep\u00e9nov\u00e1&#8220; position=&#8220;BEZPE\u010cNOST PR\u00c1CE&#8220; image_url=&#8220;data:image\/svg+xml;base64,PHN2ZyB3aWR0aD0iNTAwIiBoZWlnaHQ9IjUwMCIgdmlld0JveD0iMCAwIDUwMCA1MDAiIHhtbG5zPSJodHRwOi8vd3d3LnczLm9yZy8yMDAwL3N2ZyI+CiAgICA8ZyBmaWxsPSJub25lIiBmaWxsLXJ1bGU9ImV2ZW5vZGQiPgogICAgICAgIDxwYXRoIGZpbGw9IiNFQkVCRUIiIGQ9Ik0wIDBoNTAwdjUwMEgweiIvPgogICAgICAgIDxyZWN0IGZpbGwtb3BhY2l0eT0iLjEiIGZpbGw9IiMwMDAiIHg9IjY4IiB5PSIzMDUiIHdpZHRoPSIzNjQiIGhlaWdodD0iNTY4IiByeD0iMTgyIi8+CiAgICAgICAgPGNpcmNsZSBmaWxsLW9wYWNpdHk9Ii4xIiBmaWxsPSIjMDAwIiBjeD0iMjQ5IiBjeT0iMTcyIiByPSIxMDAiLz4KICAgIDwvZz4KPC9zdmc+Cg==&#8220; _builder_version=&#8220;4.27.4&#8243; _module_preset=&#8220;default&#8220; hover_enabled=&#8220;0&#8243; global_colors_info=&#8220;{}&#8220; sticky_enabled=&#8220;0&#8243;]<\/p>\n<p>pepenov\u00e1 SE STAR\u00c1 ABY SE NIC NIKOMU NESTALO.<\/p>\n<p>TAK\u00c9 D\u011aL\u00c1 SPOLE\u010cNOST ABY ZVEDLA MOR\u00c1LKU.<\/p>\n<p>TAK\u00c9 DOBR\u00c1 MATEMATI\u010cKA.<\/p>\n<p>&nbsp;<\/p>\n<p>[\/et_pb_team_member][\/et_pb_column][\/et_pb_row][\/et_pb_section][et_pb_section fb_built=&#8220;1&#8243; _builder_version=&#8220;4.27.4&#8243; _module_preset=&#8220;default&#8220; global_colors_info=&#8220;{}&#8220;][et_pb_row column_structure=&#8220;1_3,1_3,1_3&#8243; _builder_version=&#8220;4.27.4&#8243; _module_preset=&#8220;default&#8220; global_colors_info=&#8220;{}&#8220;][et_pb_column type=&#8220;1_3&#8243; _builder_version=&#8220;4.27.4&#8243; _module_preset=&#8220;default&#8220; global_colors_info=&#8220;{}&#8220;][et_pb_text _builder_version=&#8220;4.27.4&#8243; _module_preset=&#8220;default&#8220; hover_enabled=&#8220;0&#8243; global_colors_info=&#8220;{}&#8220; sticky_enabled=&#8220;0&#8243;]<\/p>\n<p>KONTAKT:papak<\/p>\n<p>[\/et_pb_text][\/et_pb_column][et_pb_column type=&#8220;1_3&#8243; _builder_version=&#8220;4.27.4&#8243; _module_preset=&#8220;default&#8220; global_colors_info=&#8220;{}&#8220;][et_pb_text _builder_version=&#8220;4.27.4&#8243; _module_preset=&#8220;default&#8220; hover_enabled=&#8220;0&#8243; global_colors_info=&#8220;{}&#8220; sticky_enabled=&#8220;0&#8243;]<\/p>\n<p>KONTAKT:1\u00e9\u00e9\u00e9 \u00e9\u00e9\u00e9\u00e9 ++<\/p>\n<p>[\/et_pb_text][\/et_pb_column][et_pb_column type=&#8220;1_3&#8243; _builder_version=&#8220;4.27.4&#8243; _module_preset=&#8220;default&#8220; global_colors_info=&#8220;{}&#8220;][et_pb_text _builder_version=&#8220;4.27.4&#8243; _module_preset=&#8220;default&#8220; hover_enabled=&#8220;0&#8243; global_colors_info=&#8220;{}&#8220; sticky_enabled=&#8220;0&#8243;]<\/p>\n<p>KONTAKT:7\u0161\u0161 \u010d\u010d \u0161\u0161<\/p>\n<p>[\/et_pb_text][\/et_pb_column][\/et_pb_row][\/et_pb_section]<\/p>\n","protected":false},"excerpt":{"rendered":"<p>STAR\u00c1 SE O TO ABY V\u0160ECHNO KLAPALO. \u0158E\u0160\u00cd BYZNYS A TAK\u00c9 M\u00c1 V\u0160E NASTAROST. Z\u00c1ROVEN D\u011aL\u00c1 TAK\u00c9 AJ\u0165\u00e1KA. A TAK\u00c9 IN\u017dEIRA.JE VELMI DOBR\u00dd P\u0158ES BYZNYS. JE ALE TAK\u00c9 DOBR\u00dd ASISTENT VINCENTA VNUKA. POM\u00c1H\u00c1 P\u0158I \u0158E\u0160EN\u00cd IN\u017dEN\u00cd\u0158SK\u00ddCH PROBL\u00c9M\u016e.pepenov\u00e1 SE STAR\u00c1 ABY SE NIC NIKOMU NESTALO. TAK\u00c9 D\u011aL\u00c1 SPOLE\u010cNOST ABY ZVEDLA MOR\u00c1LKU. TAK\u00c9 DOBR\u00c1 MATEMATI\u010cKA. &nbsp;KONTAKT:papakKONTAKT:1\u00e9\u00e9\u00e9 \u00e9\u00e9\u00e9\u00e9 [&hellip;]<\/p>\n","protected":false},"author":1,"featured_media":0,"parent":0,"menu_order":0,"comment_status":"closed","ping_status":"closed","template":"","meta":{"_et_pb_use_builder":"on","_et_pb_old_content":"","_et_gb_content_width":"","footnotes":""},"class_list":["post-244577","page","type-page","status-publish","hentry"],"jetpack_sharing_enabled":true,"_links":{"self":[{"href":"https:\/\/korali.cz\/index.php?rest_route=\/wp\/v2\/pages\/244577","targetHints":{"allow":["GET"]}}],"collection":[{"href":"https:\/\/korali.cz\/index.php?rest_route=\/wp\/v2\/pages"}],"about":[{"href":"https:\/\/korali.cz\/index.php?rest_route=\/wp\/v2\/types\/page"}],"author":[{"embeddable":true,"href":"https:\/\/korali.cz\/index.php?rest_route=\/wp\/v2\/users\/1"}],"replies":[{"embeddable":true,"href":"https:\/\/korali.cz\/index.php?rest_route=%2Fwp%2Fv2%2Fcomments&post=244577"}],"version-history":[{"count":5,"href":"https:\/\/korali.cz\/index.php?rest_route=\/wp\/v2\/pages\/244577\/revisions"}],"predecessor-version":[{"id":244693,"href":"https:\/\/korali.cz\/index.php?rest_route=\/wp\/v2\/pages\/244577\/revisions\/244693"}],"wp:attachment":[{"href":"https:\/\/korali.cz\/index.php?rest_route=%2Fwp%2Fv2%2Fmedia&parent=244577"}],"curies":[{"name":"wp","href":"https:\/\/api.w.org\/{rel}","templated":true}]}}